{"id":9,"date":"2024-01-17T12:26:21","date_gmt":"2024-01-17T12:26:21","guid":{"rendered":"https:\/\/pomocdrogowa-zambrow.pl\/?page_id=9"},"modified":"2024-01-31T13:29:49","modified_gmt":"2024-01-31T13:29:49","slug":"strona-glowna","status":"publish","type":"page","link":"https:\/\/pomocdrogowa-zambrow.pl\/","title":{"rendered":"Strona g\u0142\u00f3wna"},"content":{"rendered":"<p>[et_pb_section fb_built=&#8221;1&#8243; fullwidth=&#8221;on&#8221; _builder_version=&#8221;4.23.4&#8243; _module_preset=&#8221;default&#8221; global_colors_info=&#8221;{}&#8221;][et_pb_fullwidth_slider use_text_overlay=&#8221;on&#8221; text_overlay_color=&#8221;rgba(10,10,10,0.5)&#8221; _builder_version=&#8221;4.24.0&#8243; _module_preset=&#8221;default&#8221; custom_padding=&#8221;274px||321px|||&#8221; global_colors_info=&#8221;{}&#8221;][et_pb_slide heading=&#8221;Pomoc drogowa Sasinowski&#8221; button_text=&#8221;Tel: 500 064 900&#8243; button_link=&#8221;tel:500064900&#8243; use_bg_overlay=&#8221;off&#8221; _builder_version=&#8221;4.24.0&#8243; _module_preset=&#8221;default&#8221; header_level=&#8221;h1&#8243; header_font=&#8221;|700|||||||&#8221; background_enable_color=&#8221;off&#8221; background_image=&#8221;https:\/\/pomocdrogowa-zambrow.pl\/wp-content\/uploads\/2024\/01\/laweta-sasinowski.jpg&#8221; background_enable_image=&#8221;on&#8221; custom_button=&#8221;on&#8221; button_text_size=&#8221;22px&#8221; button_text_color=&#8221;#FFFFFF&#8221; button_bg_color=&#8221;#E02B20&#8243; button_border_width=&#8221;0px&#8221; button_font=&#8221;|600|||||||&#8221; filter_saturate=&#8221;110%&#8221; global_colors_info=&#8221;{}&#8221; sticky_transition=&#8221;on&#8221;]<\/p>\n<p><strong>Profesjonalna firma \u015bwiadcz\u0105ca us\u0142ugi pomocy drogowej na najwy\u017cszym poziomie. <\/strong><br \/><strong>Pomoc drogowa Piotr Sasinowski &#8211; zadzwo\u0144 i zam\u00f3w pomoc drogow\u0105!<\/strong><\/p>\n<p>[\/et_pb_slide][\/et_pb_fullwidth_slider][\/et_pb_section][et_pb_section fb_built=&#8221;1&#8243; _builder_version=&#8221;4.24.0&#8243; _module_preset=&#8221;default&#8221; background_color=&#8221;#f3f3f3&#8243; custom_padding=&#8221;13px||0px|||&#8221; box_shadow_style=&#8221;preset1&#8243; global_colors_info=&#8221;{}&#8221;][et_pb_row _builder_version=&#8221;4.23.4&#8243; _module_preset=&#8221;default&#8221; custom_padding=&#8221;16px||11px|||&#8221; global_colors_info=&#8221;{}&#8221;][et_pb_column type=&#8221;4_4&#8243; _builder_version=&#8221;4.23.4&#8243; _module_preset=&#8221;default&#8221; global_colors_info=&#8221;{}&#8221;][et_pb_text _builder_version=&#8221;4.23.4&#8243; _module_preset=&#8221;default&#8221; global_colors_info=&#8221;{}&#8221;]<\/p>\n<h2 style=\"text-align: center;\"><strong>POMOC DROGOWA 24H &#8211;\u00a0 \u00a0ZAMBR\u00d3W \u00a0WI\u015aNIEWO CIECIORKI D\u0141UGOB\u00d3RZ<\/strong><\/h2>\n<p>[\/et_pb_text][\/et_pb_column][\/et_pb_row][\/et_pb_section][et_pb_section fb_built=&#8221;1&#8243; module_id=&#8221;oferta&#8221; module_class=&#8221;oferta&#8221; _builder_version=&#8221;4.24.0&#8243; _module_preset=&#8221;default&#8221; custom_padding=&#8221;29px||10px|||&#8221; global_colors_info=&#8221;{}&#8221;][et_pb_row column_structure=&#8221;1_3,1_3,1_3&#8243; _builder_version=&#8221;4.24.0&#8243; _module_preset=&#8221;default&#8221; global_colors_info=&#8221;{}&#8221;][et_pb_column type=&#8221;1_3&#8243; _builder_version=&#8221;4.24.0&#8243; _module_preset=&#8221;default&#8221; global_colors_info=&#8221;{}&#8221;][et_pb_icon font_icon=&#8221;&#x5a;||divi||400&#8243; icon_color=&#8221;#39991a&#8221; icon_width=&#8221;58px&#8221; _builder_version=&#8221;4.24.0&#8243; _module_preset=&#8221;default&#8221; custom_margin=&#8221;||-1px|||&#8221; global_colors_info=&#8221;{}&#8221;][\/et_pb_icon][et_pb_text _builder_version=&#8221;4.24.0&#8243; _module_preset=&#8221;default&#8221; background_color=&#8221;#fcb800&#8243; custom_padding=&#8221;25px||24px|||&#8221; box_shadow_style=&#8221;preset1&#8243; global_colors_info=&#8221;{}&#8221;]<\/p>\n<h2 style=\"text-align: center;\"><strong>AutoLaweta dost\u0119pna 24h<\/strong><\/h2>\n<p>[\/et_pb_text][\/et_pb_column][et_pb_column type=&#8221;1_3&#8243; _builder_version=&#8221;4.24.0&#8243; _module_preset=&#8221;default&#8221; global_colors_info=&#8221;{}&#8221;][et_pb_icon font_icon=&#8221;&#x5a;||divi||400&#8243; icon_color=&#8221;#39991a&#8221; icon_width=&#8221;58px&#8221; _builder_version=&#8221;4.24.0&#8243; _module_preset=&#8221;default&#8221; custom_margin=&#8221;||0px|||&#8221; global_colors_info=&#8221;{}&#8221;][\/et_pb_icon][et_pb_text _builder_version=&#8221;4.24.0&#8243; _module_preset=&#8221;default&#8221; background_color=&#8221;#fcb800&#8243; custom_padding=&#8221;25px||24px|||&#8221; box_shadow_style=&#8221;preset1&#8243; global_colors_info=&#8221;{}&#8221;]<\/p>\n<h2 style=\"text-align: center;\"><strong>Wsp\u00f3\u0142praca z assistance<\/strong><\/h2>\n<p>[\/et_pb_text][\/et_pb_column][et_pb_column type=&#8221;1_3&#8243; _builder_version=&#8221;4.24.0&#8243; _module_preset=&#8221;default&#8221; global_colors_info=&#8221;{}&#8221;][et_pb_icon font_icon=&#8221;&#x5a;||divi||400&#8243; icon_color=&#8221;#39991a&#8221; icon_width=&#8221;58px&#8221; _builder_version=&#8221;4.24.0&#8243; _module_preset=&#8221;default&#8221; custom_margin=&#8221;||0px|||&#8221; global_colors_info=&#8221;{}&#8221;][\/et_pb_icon][et_pb_text _builder_version=&#8221;4.24.0&#8243; _module_preset=&#8221;default&#8221; background_color=&#8221;#fcb800&#8243; custom_padding=&#8221;25px||24px|||&#8221; box_shadow_style=&#8221;preset1&#8243; global_colors_info=&#8221;{}&#8221;]<\/p>\n<h2 style=\"text-align: center;\"><strong>Holowanie z wypadk\u00f3w<\/strong><\/h2>\n<p>[\/et_pb_text][\/et_pb_column][\/et_pb_row][et_pb_row column_structure=&#8221;1_2,1_2&#8243; _builder_version=&#8221;4.23.4&#8243; _module_preset=&#8221;default&#8221; global_colors_info=&#8221;{}&#8221;][et_pb_column type=&#8221;1_2&#8243; _builder_version=&#8221;4.23.4&#8243; _module_preset=&#8221;default&#8221; global_colors_info=&#8221;{}&#8221;][et_pb_text _builder_version=&#8221;4.24.0&#8243; _module_preset=&#8221;default&#8221; global_colors_info=&#8221;{}&#8221;]<\/p>\n<p>Oferujemy profesjonaln\u0105 pomoc drogow\u0105 w Zambrowie i okolicach. Nasza firma to pewny partner w sytuacjach awaryjnych na drodze. Dzia\u0142amy szybko i skutecznie, by zapewni\u0107 Ci niezb\u0119dn\u0105 pomoc w trudnych chwilach.<\/p>\n<p><span style=\"font-size: large;\">Nasze us\u0142ugi pomoc drogowa obejmuj\u0105:<\/span><\/p>\n<ul>\n<li><strong>Holowanie pojazd\u00f3w<\/strong>: Je\u015bli Tw\u00f3j samoch\u00f3d odm\u00f3wi\u0142 pos\u0142usze\u0144stwa, jeste\u015bmy gotowi dostarczy\u0107 Ci szybk\u0105 i bezpieczn\u0105 pomoc. Nasze profesjonalne holowniki obs\u0142uguj\u0105 r\u00f3\u017cne rodzaje pojazd\u00f3w, zapewniaj\u0105c kompleksow\u0105 pomoc transportow\u0105.<br \/><strong><\/strong><\/li>\n<li><strong>Naprawa na miejscu<\/strong>: Czasami drobne usterki mo\u017cna naprawi\u0107 na miejscu. Nasi do\u015bwiadczeni mechanicy s\u0105 gotowi udzieli\u0107 Ci fachowej pomocy, by\u015b m\u00f3g\u0142 jak najszybciej wr\u00f3ci\u0107 na drog\u0119.<br \/><strong><\/strong><\/li>\n<li><strong>Wymiana opon<\/strong>: Niezale\u017cnie od tego, czy masz problem z przebit\u0105 opon\u0105 czy po prostu musisz wymieni\u0107 opony na sezon, s\u0142u\u017cymy pomoc\u0105. Dysponujemy sprz\u0119tem do szybkiej i bezpiecznej wymiany opon.<br \/><strong><\/strong><\/li>\n<li><strong>Pomoc przy wypadkach<\/strong>: Je\u015bli znalaz\u0142e\u015b si\u0119 w wypadku drogowym, zadzwo\u0144 do nas natychmiast. Jeste\u015bmy gotowi dostarczy\u0107 pomoc, zorganizowa\u0107 holowanie pojazdu i wesprze\u0107 Ci\u0119 we wszystkich formalno\u015bciach zwi\u0105zanych z zdarzeniem.<\/li>\n<\/ul>\n<p>Zaufaj naszej ekipie pomocowej i zadzwo\u0144, gdy tylko potrzebujesz wsparcia na drodze. Jeste\u015bmy tu po to, aby pom\u00f3c Ci pokona\u0107 trudno\u015bci drogowe.<\/p>\n<p>[\/et_pb_text][\/et_pb_column][et_pb_column type=&#8221;1_2&#8243; _builder_version=&#8221;4.23.4&#8243; _module_preset=&#8221;default&#8221; global_colors_info=&#8221;{}&#8221;][et_pb_image src=&#8221;https:\/\/pomocdrogowa-zambrow.pl\/wp-content\/uploads\/2024\/01\/laweta-porsche.jpg&#8221; alt=&#8221;na lawecie uszkodzone Porsche&#8221; title_text=&#8221;laweta-na-drodze-publicznej-laweta-z-zepsutym-samochodem-na-wiejskiej-drodze-laweta-przewozaca-samochod-na-autostradzie-koncepcja-transportu-serwisu-samochodowego&#8221; _builder_version=&#8221;4.24.0&#8243; _module_preset=&#8221;default&#8221; box_shadow_style=&#8221;preset1&#8243; global_colors_info=&#8221;{}&#8221;][\/et_pb_image][\/et_pb_column][\/et_pb_row][et_pb_row column_structure=&#8221;1_2,1_2&#8243; _builder_version=&#8221;4.23.4&#8243; _module_preset=&#8221;default&#8221; global_colors_info=&#8221;{}&#8221;][et_pb_column type=&#8221;1_2&#8243; _builder_version=&#8221;4.23.4&#8243; _module_preset=&#8221;default&#8221; global_colors_info=&#8221;{}&#8221;][et_pb_image src=&#8221;https:\/\/pomocdrogowa-zambrow.pl\/wp-content\/uploads\/2024\/01\/laweta-uszkodzony.jpg&#8221; alt=&#8221;laweta z autem po wypadku&#8221; title_text=&#8221;laweta-na-drodze-publicznej-laweta-z-zepsutym-samochodem-na-wiejskiej-drodze-laweta-przewozaca-samochod-na-autostradzie-koncepcja-transportu-serwisu-samochodowego&#8221; _builder_version=&#8221;4.24.0&#8243; _module_preset=&#8221;default&#8221; box_shadow_style=&#8221;preset1&#8243; global_colors_info=&#8221;{}&#8221;][\/et_pb_image][\/et_pb_column][et_pb_column type=&#8221;1_2&#8243; _builder_version=&#8221;4.23.4&#8243; _module_preset=&#8221;default&#8221; global_colors_info=&#8221;{}&#8221;][et_pb_text _builder_version=&#8221;4.24.0&#8243; _module_preset=&#8221;default&#8221; global_colors_info=&#8221;{}&#8221;]<\/p>\n<p><strong>Szybko\u015b\u0107 i Punktualno\u015b\u0107:<\/strong> Nasza pomoc drogowa w Zambr\u00f3wie gwarantuje szybki czas reakcji na zg\u0142oszenie. Dzi\u0119ki dobrze zorganizowanemu systemowi obs\u0142ugi, jeste\u015bmy na miejscu awarii tak szybko, jak to tylko mo\u017cliwe, by minimalizowa\u0107 czas oczekiwania klienta.<\/p>\n<p><strong>Profesjonalizm i Do\u015bwiadczenie<\/strong>: Nasza ekipa sk\u0142ada si\u0119 z do\u015bwiadczonych kierowc\u00f3w i mechanik\u00f3w, kt\u00f3rzy posiadaj\u0105 niezb\u0119dne umiej\u0119tno\u015bci i wiedz\u0119. Dzi\u0119ki temu mo\u017cemy \u015bwiadczy\u0107 kompleksowe us\u0142ugi, obejmuj\u0105ce holowanie, napraw\u0119, wymian\u0119 opon i wiele innych, z zachowaniem najwy\u017cszych standard\u00f3w profesjonalizmu.<\/p>\n<p><strong>Dost\u0119pno\u015b\u0107 24\/7:<\/strong> Niezale\u017cnie od pory dnia czy nocy, nasza pomoc drogowa jest dost\u0119pna. Zdajemy sobie spraw\u0119, \u017ce problemy drogowe mog\u0105 wyst\u0105pi\u0107 w najmniej spodziewanych momentach, dlatego jeste\u015bmy gotowi do dzia\u0142ania przez ca\u0142\u0105 dob\u0119, 7 dni w tygodniu.<\/p>\n<p><strong>Wsparcie na wypadek awarii lub wypadku<\/strong>: Oferujemy kompleksow\u0105 pomoc nie tylko w przypadku awarii, ale r\u00f3wnie\u017c po wypadkach drogowych.<\/p>\n<p><strong>Konkurencyjne ceny<\/strong>: Dbamy o to, aby nasze us\u0142ugi by\u0142y cenowo konkurencyjne, jednocze\u015bnie oferuj\u0105c wysok\u0105 jako\u015b\u0107 obs\u0142ugi. Transparencja cenowa to dla nas priorytet, aby klienci wiedzieli, na co mog\u0105 si\u0119 spodziewa\u0107.<\/p>\n<p><strong>Pozytywne Opinie Klient\u00f3w<\/strong>: Opinie naszych dotychczasowych klient\u00f3w s\u0105 dla nas wa\u017cne. Pozytywne recenzje \u015bwiadcz\u0105 o naszej solidno\u015bci, skuteczno\u015bci i profesjonalizmie.<\/p>\n<p>[\/et_pb_text][\/et_pb_column][\/et_pb_row][et_pb_row _builder_version=&#8221;4.23.4&#8243; _module_preset=&#8221;default&#8221; custom_padding=&#8221;||7px|||&#8221; global_colors_info=&#8221;{}&#8221;][et_pb_column type=&#8221;4_4&#8243; _builder_version=&#8221;4.23.4&#8243; _module_preset=&#8221;default&#8221; global_colors_info=&#8221;{}&#8221;][et_pb_divider color=&#8221;#000000&#8243; _builder_version=&#8221;4.23.4&#8243; _module_preset=&#8221;default&#8221; global_colors_info=&#8221;{}&#8221;][\/et_pb_divider][\/et_pb_column][\/et_pb_row][\/et_pb_section][et_pb_section fb_built=&#8221;1&#8243; _builder_version=&#8221;4.23.4&#8243; _module_preset=&#8221;default&#8221; custom_padding=&#8221;13px|||||&#8221; global_colors_info=&#8221;{}&#8221;][et_pb_row column_structure=&#8221;1_2,1_2&#8243; _builder_version=&#8221;4.23.4&#8243; _module_preset=&#8221;default&#8221; global_colors_info=&#8221;{}&#8221;][et_pb_column type=&#8221;1_2&#8243; _builder_version=&#8221;4.23.4&#8243; _module_preset=&#8221;default&#8221; global_colors_info=&#8221;{}&#8221;][et_pb_testimonial author=&#8221;Marek K.&#8221; portrait_url=&#8221;data:image\/svg+xml;base64,PHN2ZyB3aWR0aD0iNTAwIiBoZWlnaHQ9IjUwMCIgdmlld0JveD0iMCAwIDUwMCA1MDAiIHhtbG5zPSJodHRwOi8vd3d3LnczLm9yZy8yMDAwL3N2ZyI+CiAgICA8ZyBmaWxsPSJub25lIiBmaWxsLXJ1bGU9ImV2ZW5vZGQiPgogICAgICAgIDxwYXRoIGZpbGw9IiNFQkVCRUIiIGQ9Ik0wIDBoNTAwdjUwMEgweiIvPgogICAgICAgIDxyZWN0IGZpbGwtb3BhY2l0eT0iLjEiIGZpbGw9IiMwMDAiIHg9IjY4IiB5PSIzMDUiIHdpZHRoPSIzNjQiIGhlaWdodD0iNTY4IiByeD0iMTgyIi8+CiAgICAgICAgPGNpcmNsZSBmaWxsLW9wYWNpdHk9Ii4xIiBmaWxsPSIjMDAwIiBjeD0iMjQ5IiBjeT0iMTcyIiByPSIxMDAiLz4KICAgIDwvZz4KPC9zdmc+Cg==&#8221; _builder_version=&#8221;4.23.4&#8243; _module_preset=&#8221;default&#8221; global_colors_info=&#8221;{}&#8221;]Chcia\u0142em wyrazi\u0107 ogromn\u0105 wdzi\u0119czno\u015b\u0107 dla ekipy pomocy drogowej z Zambrowa za b\u0142yskawiczne i profesjonalne holowanie mojego auta z Zambrowa do Warszawy po awarii. Szybka reakcja, uprzejma obs\u0142uga i bezproblemowy transport sprawi\u0142y, \u017ce ca\u0142a sytuacja by\u0142a znacznie \u0142atwiejsza do przej\u015bcia. Dzi\u0119kuj\u0119 za profesjonalizm i skuteczn\u0105 pomoc! Polecam serdecznie.[\/et_pb_testimonial][\/et_pb_column][et_pb_column type=&#8221;1_2&#8243; _builder_version=&#8221;4.23.4&#8243; _module_preset=&#8221;default&#8221; global_colors_info=&#8221;{}&#8221;][et_pb_testimonial author=&#8221;Krzysztof C.&#8221; portrait_url=&#8221;data:image\/svg+xml;base64,PHN2ZyB3aWR0aD0iNTAwIiBoZWlnaHQ9IjUwMCIgdmlld0JveD0iMCAwIDUwMCA1MDAiIHhtbG5zPSJodHRwOi8vd3d3LnczLm9yZy8yMDAwL3N2ZyI+CiAgICA8ZyBmaWxsPSJub25lIiBmaWxsLXJ1bGU9ImV2ZW5vZGQiPgogICAgICAgIDxwYXRoIGZpbGw9IiNFQkVCRUIiIGQ9Ik0wIDBoNTAwdjUwMEgweiIvPgogICAgICAgIDxyZWN0IGZpbGwtb3BhY2l0eT0iLjEiIGZpbGw9IiMwMDAiIHg9IjY4IiB5PSIzMDUiIHdpZHRoPSIzNjQiIGhlaWdodD0iNTY4IiByeD0iMTgyIi8+CiAgICAgICAgPGNpcmNsZSBmaWxsLW9wYWNpdHk9Ii4xIiBmaWxsPSIjMDAwIiBjeD0iMjQ5IiBjeT0iMTcyIiByPSIxMDAiLz4KICAgIDwvZz4KPC9zdmc+Cg==&#8221; _builder_version=&#8221;4.23.4&#8243; _module_preset=&#8221;default&#8221; global_colors_info=&#8221;{}&#8221;]Chcia\u0142bym serdecznie podzi\u0119kowa\u0107 ekipie pomocy drogowej z Zambrowa za szybk\u0105 i skuteczn\u0105 interwencj\u0119 po awarii mojego auta. Holowanie z Zambrowa do Bia\u0142egostoku przebieg\u0142o bezproblemowo, a obs\u0142uga by\u0142a niezwykle profesjonalna i uprzejma. Dzi\u0119ki Pa\u0144stwa pomocy unikn\u0105\u0142em dodatkowego stresu zwi\u0105zanego z sytuacj\u0105 awaryjn\u0105. [\/et_pb_testimonial][\/et_pb_column][\/et_pb_row][\/et_pb_section][et_pb_section fb_built=&#8221;1&#8243; _builder_version=&#8221;4.24.0&#8243; _module_preset=&#8221;default&#8221; custom_padding=&#8221;18px|||||&#8221; hover_enabled=&#8221;0&#8243; global_colors_info=&#8221;{}&#8221; module_id=&#8221;zdjecia&#8221; module_class=&#8221;zdjecia&#8221; sticky_enabled=&#8221;0&#8243;][et_pb_row _builder_version=&#8221;4.24.0&#8243; _module_preset=&#8221;default&#8221; global_colors_info=&#8221;{}&#8221;][et_pb_column type=&#8221;4_4&#8243; _builder_version=&#8221;4.24.0&#8243; _module_preset=&#8221;default&#8221; global_colors_info=&#8221;{}&#8221;][et_pb_text _builder_version=&#8221;4.24.0&#8243; _module_preset=&#8221;default&#8221; global_colors_info=&#8221;{}&#8221;]<\/p>\n<h2 style=\"text-align: center;\">Galeria zdj\u0119\u0107 &#8211; wybrane zdj\u0119cia z realizacji holowania<\/h2>\n<p>[\/et_pb_text][et_pb_gallery gallery_ids=&#8221;84,85,86,87,89,90,91,92,93,94,95,96,97,98,99,100,101,102,103,104,105,106,107,108,109,110,111,112,113,114,115,116,117,118,119,120&#8243; posts_number=&#8221;60&#8243; show_title_and_caption=&#8221;off&#8221; show_pagination=&#8221;off&#8221; _builder_version=&#8221;4.24.0&#8243; _module_preset=&#8221;default&#8221; border_radii_image=&#8221;on|5px|5px|5px|5px&#8221; global_colors_info=&#8221;{}&#8221;][\/et_pb_gallery][\/et_pb_column][\/et_pb_row][\/et_pb_section][et_pb_section fb_built=&#8221;1&#8243; module_id=&#8221;kontakt&#8221; module_class=&#8221;kontakt&#8221; _builder_version=&#8221;4.24.0&#8243; _module_preset=&#8221;default&#8221; background_color=&#8221;#f3f3f3&#8243; custom_padding=&#8221;0px||11px|||&#8221; box_shadow_style=&#8221;preset1&#8243; box_shadow_blur=&#8221;9px&#8221; global_colors_info=&#8221;{}&#8221;][et_pb_row _builder_version=&#8221;4.23.4&#8243; _module_preset=&#8221;default&#8221; custom_padding=&#8221;||10px|||&#8221; global_colors_info=&#8221;{}&#8221;][et_pb_column type=&#8221;4_4&#8243; _builder_version=&#8221;4.23.4&#8243; _module_preset=&#8221;default&#8221; global_colors_info=&#8221;{}&#8221;][et_pb_text _builder_version=&#8221;4.23.4&#8243; _module_preset=&#8221;default&#8221; global_colors_info=&#8221;{}&#8221;]<\/p>\n<p style=\"text-align: center;\">Nazwa firmy: <strong>Auto Naprawa i Pomoc Drogowa &#8211; Piotr Sasinowski<\/strong><\/p>\n<p style=\"text-align: center;\">NIP: 7231196308<\/p>\n<p style=\"text-align: center;\">Adres: Wi\u015bniewo 39; 18-300 Zambr\u00f3w<\/p>\n<p style=\"text-align: center;\">E-mail: holsas@onet.eu<\/p>\n<p>[\/et_pb_text][\/et_pb_column][\/et_pb_row][\/et_pb_section][et_pb_section fb_built=&#8221;1&#8243; fullwidth=&#8221;on&#8221; _builder_version=&#8221;4.23.4&#8243; _module_preset=&#8221;default&#8221; global_colors_info=&#8221;{}&#8221;][et_pb_fullwidth_code _builder_version=&#8221;4.23.4&#8243; _module_preset=&#8221;default&#8221; global_colors_info=&#8221;{}&#8221;]<iframe src=\"https:\/\/www.google.com\/maps\/embed?pb=!1m18!1m12!1m3!1d153668.37090745795!2d22.154169137485958!3d53.001156357325605!2m3!1f0!2f0!3f0!3m2!1i1024!2i768!4f13.1!3m3!1m2!1s0x471db5f13a09f745%3A0x1b923d5063d09a79!2sPomoc%20drogowa%20Zambr%C3%B3w%20-%20Sasinowski!5e0!3m2!1spl!2spl!4v1705500672153!5m2!1spl!2spl\" width=\"100%\" height=\"550\" style=\"border:0;\" allowfullscreen=\"\" loading=\"lazy\" referrerpolicy=\"no-referrer-when-downgrade\"><\/iframe>[\/et_pb_fullwidth_code][\/et_pb_section]<\/p>\n","protected":false},"excerpt":{"rendered":"<p>Profesjonalna firma \u015bwiadcz\u0105ca us\u0142ugi pomocy drogowej na najwy\u017cszym poziomie. Pomoc drogowa Piotr Sasinowski &#8211; zadzwo\u0144 i zam\u00f3w pomoc drogow\u0105!POMOC DROGOWA 24H &#8211;\u00a0 \u00a0ZAMBR\u00d3W \u00a0WI\u015aNIEWO CIECIORKI D\u0141UGOB\u00d3RZAutoLaweta dost\u0119pna 24hWsp\u00f3\u0142praca z assistanceHolowanie z wypadk\u00f3wOferujemy profesjonaln\u0105 pomoc drogow\u0105 w Zambrowie i okolicach. Nasza firma to pewny partner w sytuacjach awaryjnych na drodze. Dzia\u0142amy szybko i skutecznie, by zapewni\u0107 [&hellip;]<\/p>\n","protected":false},"author":1,"featured_media":0,"parent":0,"menu_order":0,"comment_status":"closed","ping_status":"closed","template":"","meta":{"_et_pb_use_builder":"on","_et_pb_old_content":"","_et_gb_content_width":"","footnotes":""},"yoast_head":"<!-- This site is optimized with the Yoast SEO plugin v23.5 - https:\/\/yoast.com\/wordpress\/plugins\/seo\/ -->\n<title>tel: 500 064 900 - Pomoc drogowa Zambr\u00f3w Wi\u015bniewo - Sasinowski<\/title>\n<meta name=\"description\" content=\"Sprawdzona pomoc drogowa na terenie Zambrowa i okolic. Doje\u017cd\u017camy Wi\u015bniewo Cieciorki D\u0142ugob\u00f3rz. Zam\u00f3w auto lawet\u0119 ju\u017c dzi\u015b!\" \/>\n<meta name=\"robots\" content=\"index, follow, max-snippet:-1, max-image-preview:large, max-video-preview:-1\" \/>\n<link rel=\"canonical\" href=\"https:\/\/pomocdrogowa-zambrow.pl\/\" \/>\n<meta property=\"og:locale\" content=\"pl_PL\" \/>\n<meta property=\"og:type\" content=\"article\" \/>\n<meta property=\"og:title\" content=\"tel: 500 064 900 - Pomoc drogowa Zambr\u00f3w Wi\u015bniewo - Sasinowski\" \/>\n<meta property=\"og:description\" content=\"Sprawdzona pomoc drogowa na terenie Zambrowa i okolic. Doje\u017cd\u017camy Wi\u015bniewo Cieciorki D\u0142ugob\u00f3rz. Zam\u00f3w auto lawet\u0119 ju\u017c dzi\u015b!\" \/>\n<meta property=\"og:url\" content=\"https:\/\/pomocdrogowa-zambrow.pl\/\" \/>\n<meta property=\"og:site_name\" content=\"Pomoc drogowa Zambr&oacute;w\" \/>\n<meta property=\"article:modified_time\" content=\"2024-01-31T13:29:49+00:00\" \/>\n<meta name=\"twitter:card\" content=\"summary_large_image\" \/>\n<meta name=\"twitter:label1\" content=\"Szacowany czas czytania\" \/>\n\t<meta name=\"twitter:data1\" content=\"4 minuty\" \/>\n<script type=\"application\/ld+json\" class=\"yoast-schema-graph\">{\"@context\":\"https:\/\/schema.org\",\"@graph\":[{\"@type\":\"WebPage\",\"@id\":\"https:\/\/pomocdrogowa-zambrow.pl\/\",\"url\":\"https:\/\/pomocdrogowa-zambrow.pl\/\",\"name\":\"tel: 500 064 900 - Pomoc drogowa Zambr\u00f3w Wi\u015bniewo - Sasinowski\",\"isPartOf\":{\"@id\":\"https:\/\/pomocdrogowa-zambrow.pl\/#website\"},\"datePublished\":\"2024-01-17T12:26:21+00:00\",\"dateModified\":\"2024-01-31T13:29:49+00:00\",\"description\":\"Sprawdzona pomoc drogowa na terenie Zambrowa i okolic. Doje\u017cd\u017camy Wi\u015bniewo Cieciorki D\u0142ugob\u00f3rz. Zam\u00f3w auto lawet\u0119 ju\u017c dzi\u015b!\",\"breadcrumb\":{\"@id\":\"https:\/\/pomocdrogowa-zambrow.pl\/#breadcrumb\"},\"inLanguage\":\"pl-PL\",\"potentialAction\":[{\"@type\":\"ReadAction\",\"target\":[\"https:\/\/pomocdrogowa-zambrow.pl\/\"]}]},{\"@type\":\"BreadcrumbList\",\"@id\":\"https:\/\/pomocdrogowa-zambrow.pl\/#breadcrumb\",\"itemListElement\":[{\"@type\":\"ListItem\",\"position\":1,\"name\":\"Strona g\u0142\u00f3wna\",\"item\":\"https:\/\/pomocdrogowa-zambrow.pl\/\"},{\"@type\":\"ListItem\",\"position\":2,\"name\":\"Strona g\u0142\u00f3wna\"}]},{\"@type\":\"WebSite\",\"@id\":\"https:\/\/pomocdrogowa-zambrow.pl\/#website\",\"url\":\"https:\/\/pomocdrogowa-zambrow.pl\/\",\"name\":\"Pomoc drogowa Zambr&oacute;w\",\"description\":\"Piotr Sasinowski\",\"potentialAction\":[{\"@type\":\"SearchAction\",\"target\":{\"@type\":\"EntryPoint\",\"urlTemplate\":\"https:\/\/pomocdrogowa-zambrow.pl\/?s={search_term_string}\"},\"query-input\":{\"@type\":\"PropertyValueSpecification\",\"valueRequired\":true,\"valueName\":\"search_term_string\"}}],\"inLanguage\":\"pl-PL\"}]}<\/script>\n<!-- \/ Yoast SEO plugin. -->","yoast_head_json":{"title":"tel: 500 064 900 - Pomoc drogowa Zambr\u00f3w Wi\u015bniewo - Sasinowski","description":"Sprawdzona pomoc drogowa na terenie Zambrowa i okolic. Doje\u017cd\u017camy Wi\u015bniewo Cieciorki D\u0142ugob\u00f3rz. Zam\u00f3w auto lawet\u0119 ju\u017c dzi\u015b!","robots":{"index":"index","follow":"follow","max-snippet":"max-snippet:-1","max-image-preview":"max-image-preview:large","max-video-preview":"max-video-preview:-1"},"canonical":"https:\/\/pomocdrogowa-zambrow.pl\/","og_locale":"pl_PL","og_type":"article","og_title":"tel: 500 064 900 - Pomoc drogowa Zambr\u00f3w Wi\u015bniewo - Sasinowski","og_description":"Sprawdzona pomoc drogowa na terenie Zambrowa i okolic. Doje\u017cd\u017camy Wi\u015bniewo Cieciorki D\u0142ugob\u00f3rz. Zam\u00f3w auto lawet\u0119 ju\u017c dzi\u015b!","og_url":"https:\/\/pomocdrogowa-zambrow.pl\/","og_site_name":"Pomoc drogowa Zambr&oacute;w","article_modified_time":"2024-01-31T13:29:49+00:00","twitter_card":"summary_large_image","twitter_misc":{"Szacowany czas czytania":"4 minuty"},"schema":{"@context":"https:\/\/schema.org","@graph":[{"@type":"WebPage","@id":"https:\/\/pomocdrogowa-zambrow.pl\/","url":"https:\/\/pomocdrogowa-zambrow.pl\/","name":"tel: 500 064 900 - Pomoc drogowa Zambr\u00f3w Wi\u015bniewo - Sasinowski","isPartOf":{"@id":"https:\/\/pomocdrogowa-zambrow.pl\/#website"},"datePublished":"2024-01-17T12:26:21+00:00","dateModified":"2024-01-31T13:29:49+00:00","description":"Sprawdzona pomoc drogowa na terenie Zambrowa i okolic. Doje\u017cd\u017camy Wi\u015bniewo Cieciorki D\u0142ugob\u00f3rz. Zam\u00f3w auto lawet\u0119 ju\u017c dzi\u015b!","breadcrumb":{"@id":"https:\/\/pomocdrogowa-zambrow.pl\/#breadcrumb"},"inLanguage":"pl-PL","potentialAction":[{"@type":"ReadAction","target":["https:\/\/pomocdrogowa-zambrow.pl\/"]}]},{"@type":"BreadcrumbList","@id":"https:\/\/pomocdrogowa-zambrow.pl\/#breadcrumb","itemListElement":[{"@type":"ListItem","position":1,"name":"Strona g\u0142\u00f3wna","item":"https:\/\/pomocdrogowa-zambrow.pl\/"},{"@type":"ListItem","position":2,"name":"Strona g\u0142\u00f3wna"}]},{"@type":"WebSite","@id":"https:\/\/pomocdrogowa-zambrow.pl\/#website","url":"https:\/\/pomocdrogowa-zambrow.pl\/","name":"Pomoc drogowa Zambr&oacute;w","description":"Piotr Sasinowski","potentialAction":[{"@type":"SearchAction","target":{"@type":"EntryPoint","urlTemplate":"https:\/\/pomocdrogowa-zambrow.pl\/?s={search_term_string}"},"query-input":{"@type":"PropertyValueSpecification","valueRequired":true,"valueName":"search_term_string"}}],"inLanguage":"pl-PL"}]}},"_links":{"self":[{"href":"https:\/\/pomocdrogowa-zambrow.pl\/index.php\/wp-json\/wp\/v2\/pages\/9"}],"collection":[{"href":"https:\/\/pomocdrogowa-zambrow.pl\/index.php\/wp-json\/wp\/v2\/pages"}],"about":[{"href":"https:\/\/pomocdrogowa-zambrow.pl\/index.php\/wp-json\/wp\/v2\/types\/page"}],"author":[{"embeddable":true,"href":"https:\/\/pomocdrogowa-zambrow.pl\/index.php\/wp-json\/wp\/v2\/users\/1"}],"replies":[{"embeddable":true,"href":"https:\/\/pomocdrogowa-zambrow.pl\/index.php\/wp-json\/wp\/v2\/comments?post=9"}],"version-history":[{"count":37,"href":"https:\/\/pomocdrogowa-zambrow.pl\/index.php\/wp-json\/wp\/v2\/pages\/9\/revisions"}],"predecessor-version":[{"id":126,"href":"https:\/\/pomocdrogowa-zambrow.pl\/index.php\/wp-json\/wp\/v2\/pages\/9\/revisions\/126"}],"wp:attachment":[{"href":"https:\/\/pomocdrogowa-zambrow.pl\/index.php\/wp-json\/wp\/v2\/media?parent=9"}],"curies":[{"name":"wp","href":"https:\/\/api.w.org\/{rel}","templated":true}]}}